{"id":2333,"date":"2021-06-15T05:59:11","date_gmt":"2021-06-15T05:59:11","guid":{"rendered":"https:\/\/lpalbania.com\/?page_id=2333"},"modified":"2021-09-22T13:46:44","modified_gmt":"2021-09-22T13:46:44","slug":"settore-automobilistico","status":"publish","type":"page","link":"https:\/\/lpalbania.com\/ita\/sectors\/settore-automobilistico\/","title":{"rendered":"Settore automobilistico"},"content":{"rendered":"<p><div class=\"fusion-fullwidth fullwidth-box fusion-builder-row-1 fusion-flex-container nonhundred-percent-fullwidth non-hundred-percent-height-scrolling\" style=\"--awb-border-radius-top-left:0px;--awb-border-radius-top-right:0px;--awb-border-radius-bottom-right:0px;--awb-border-radius-bottom-left:0px;--awb-margin-top:100px;--awb-flex-wrap:wrap;\" ><div class=\"fusion-builder-row fusion-row fusion-flex-align-items-flex-start fusion-flex-content-wrap\" style=\"max-width:977.6px;margin-left: calc(-4% \/ 2 );margin-right: calc(-4% \/ 2 );\"><div class=\"fusion-layout-column fusion_builder_column fusion-builder-column-0 fusion_builder_column_2_3 2_3 fusion-flex-column\" style=\"--awb-bg-size:cover;--awb-width-large:66.666666666667%;--awb-margin-top-large:0px;--awb-spacing-right-large:2.88%;--awb-margin-bottom-large:20px;--awb-spacing-left-large:2.88%;--awb-width-medium:100%;--awb-order-medium:0;--awb-spacing-right-medium:1.92%;--awb-spacing-left-medium:1.92%;--awb-width-small:100%;--awb-order-small:0;--awb-spacing-right-small:1.92%;--awb-spacing-left-small:1.92%;\"><div class=\"fusion-column-wrapper fusion-column-has-shadow fusion-flex-justify-content-flex-start fusion-content-layout-column\"><div class=\"fusion-text fusion-text-1\"><h2>Settore Automobilistico<\/h2>\n<\/div><\/div><\/div><div class=\"fusion-layout-column fusion_builder_column fusion-builder-column-1 fusion_builder_column_2_3 2_3 fusion-flex-column\" style=\"--awb-bg-size:cover;--awb-width-large:66.666666666667%;--awb-margin-top-large:0px;--awb-spacing-right-large:2.88%;--awb-margin-bottom-large:20px;--awb-spacing-left-large:2.88%;--awb-width-medium:100%;--awb-order-medium:0;--awb-spacing-right-medium:1.92%;--awb-spacing-left-medium:1.92%;--awb-width-small:100%;--awb-order-small:0;--awb-spacing-right-small:1.92%;--awb-spacing-left-small:1.92%;\"><div class=\"fusion-column-wrapper fusion-column-has-shadow fusion-flex-justify-content-flex-start fusion-content-layout-column\"><div class=\"fusion-text fusion-text-2\"><p>I nostri avvocati hanno una vasta conoscenza dell&#8217;industria automobilistica e comprendono le esigenze commerciali e legali dei clienti in questi tempi di cambiamento trasformativo per l&#8217;industria.<\/p>\n<p>Lo studio legale LPA pu\u00f2 fornire consulenza durante l&#8217;intero ciclo di vita, dal finanziamento e sviluppo greenfield (ad es. impianti di produzione), <span style=\"color: #0000ff;\"><a style=\"color: #0000ff;\" href=\"https:\/\/lpalbania.com\/ita\/practice\/diritto-societario-in-albania\/\">fusioni e acquisizioni<\/a><\/span>, problemi di fase operativa alla chiusura di impianti e relativi prodotti, consulenza normativa nella fase di costruzione fino a<span style=\"color: #0000ff;\"><a style=\"color: #0000ff;\" href=\"https:\/\/lpalbania.com\/ita\/practice\/contenzioso-e-recupero-crediti-in-albania\/\"> controversie<\/a><\/span> (ad es. in materia di responsabilit\u00e0 del prodotto) e tutte le domande relative all&#8217;antitrust.<\/p>\n<p>Ci concentriamo in particolare su Veicolo2Veicolo, comunicazione Veicolo2Infrastruttura, negozi in-car e aggiornamenti via etere. In tutte queste aree offriamo consulenza olistica da una legge sulla protezione dei dati, legge sulla responsabilit\u00e0 del prodotto, legge normativa, legge antitrust dal punto di vista di uno sportello unico, poich\u00e9 sappiamo che un unico punto di contatto \u00e8 importante.<\/p>\n<\/div><\/div><\/div><div class=\"fusion-layout-column fusion_builder_column fusion-builder-column-2 fusion_builder_column_1_3 1_3 fusion-flex-column\" style=\"--awb-bg-size:cover;--awb-width-large:33.333333333333%;--awb-margin-top-large:0px;--awb-spacing-right-large:5.76%;--awb-margin-bottom-large:20px;--awb-spacing-left-large:5.76%;--awb-width-medium:100%;--awb-order-medium:0;--awb-spacing-right-medium:1.92%;--awb-spacing-left-medium:1.92%;--awb-width-small:100%;--awb-order-small:0;--awb-spacing-right-small:1.92%;--awb-spacing-left-small:1.92%;\"><div class=\"fusion-column-wrapper fusion-column-has-shadow fusion-flex-justify-content-flex-start fusion-content-layout-column\"><div class=\"fusion-image-element \" style=\"text-align:center;--awb-max-width:;--awb-caption-title-font-family:var(--h2_typography-font-family);--awb-caption-title-font-weight:var(--h2_typography-font-weight);--awb-caption-title-font-style:var(--h2_typography-font-style);--awb-caption-title-size:var(--h2_typography-font-size);--awb-caption-title-transform:var(--h2_typography-text-transform);--awb-caption-title-line-height:var(--h2_typography-line-height);--awb-caption-title-letter-spacing:var(--h2_typography-letter-spacing);\"><span class=\" fusion-imageframe imageframe-none imageframe-1 hover-type-none\"><img decoding=\"async\" width=\"300\" height=\"392\" title=\"18\" src=\"https:\/\/lpalbania.com\/ita\/wp-content\/uploads\/2020\/10\/18.jpg\" data-orig-src=\"https:\/\/lpalbania.com\/ita\/wp-content\/uploads\/2020\/10\/18.jpg\" alt class=\"lazyload img-responsive wp-image-2623\" srcset=\"data:image\/svg+xml,%3Csvg%20xmlns%3D%27http%3A%2F%2Fwww.w3.org%2F2000%2Fsvg%27%20width%3D%27300%27%20height%3D%27392%27%20viewBox%3D%270%200%20300%20392%27%3E%3Crect%20width%3D%27300%27%20height%3D%27392%27%20fill-opacity%3D%220%22%2F%3E%3C%2Fsvg%3E\" data-srcset=\"https:\/\/lpalbania.com\/ita\/wp-content\/uploads\/2020\/10\/18-200x261.jpg 200w, https:\/\/lpalbania.com\/ita\/wp-content\/uploads\/2020\/10\/18.jpg 300w\" data-sizes=\"auto\" data-orig-sizes=\"(max-width: 0px) 100vw, (max-width: 0px) 100vw, 300px\" \/><\/span><\/div><div class=\"fusion-image-element \" style=\"--awb-caption-title-font-family:var(--h2_typography-font-family);--awb-caption-title-font-weight:var(--h2_typography-font-weight);--awb-caption-title-font-style:var(--h2_typography-font-style);--awb-caption-title-size:var(--h2_typography-font-size);--awb-caption-title-transform:var(--h2_typography-text-transform);--awb-caption-title-line-height:var(--h2_typography-line-height);--awb-caption-title-letter-spacing:var(--h2_typography-letter-spacing);\"><span class=\" fusion-imageframe imageframe-none imageframe-2 hover-type-none\"><img decoding=\"async\" width=\"300\" height=\"61\" title=\"Awards LPA Law Firm Albania\" src=\"https:\/\/lpalbania.com\/ita\/wp-content\/uploads\/2021\/05\/0.jpg\" data-orig-src=\"https:\/\/lpalbania.com\/ita\/wp-content\/uploads\/2021\/05\/0.jpg\" alt class=\"lazyload img-responsive wp-image-1731\" srcset=\"data:image\/svg+xml,%3Csvg%20xmlns%3D%27http%3A%2F%2Fwww.w3.org%2F2000%2Fsvg%27%20width%3D%27300%27%20height%3D%2761%27%20viewBox%3D%270%200%20300%2061%27%3E%3Crect%20width%3D%27300%27%20height%3D%2761%27%20fill-opacity%3D%220%22%2F%3E%3C%2Fsvg%3E\" data-srcset=\"https:\/\/lpalbania.com\/ita\/wp-content\/uploads\/2021\/05\/0-200x41.jpg 200w, https:\/\/lpalbania.com\/ita\/wp-content\/uploads\/2021\/05\/0.jpg 300w\" data-sizes=\"auto\" data-orig-sizes=\"(max-width: 0px) 100vw, (max-width: 0px) 100vw, 300px\" \/><\/span><\/div><\/div><\/div><\/div><\/div><div class=\"fusion-fullwidth fullwidth-box fusion-builder-row-2 fusion-flex-container nonhundred-percent-fullwidth non-hundred-percent-height-scrolling\" style=\"--awb-border-radius-top-left:0px;--awb-border-radius-top-right:0px;--awb-border-radius-bottom-right:0px;--awb-border-radius-bottom-left:0px;--awb-padding-top:0px;--awb-padding-bottom:0px;--awb-margin-bottom:0px;--awb-flex-wrap:wrap;\" ><div class=\"fusion-builder-row fusion-row fusion-flex-align-items-flex-start fusion-flex-content-wrap\" style=\"max-width:977.6px;margin-left: calc(-4% \/ 2 );margin-right: calc(-4% \/ 2 );\"><div class=\"fusion-layout-column fusion_builder_column fusion-builder-column-3 fusion_builder_column_1_1 1_1 fusion-flex-column\" style=\"--awb-bg-size:cover;--awb-width-large:100%;--awb-margin-top-large:0px;--awb-spacing-right-large:1.92%;--awb-margin-bottom-large:20px;--awb-spacing-left-large:1.92%;--awb-width-medium:100%;--awb-order-medium:0;--awb-spacing-right-medium:1.92%;--awb-spacing-left-medium:1.92%;--awb-width-small:100%;--awb-order-small:0;--awb-spacing-right-small:1.92%;--awb-spacing-left-small:1.92%;\"><div class=\"fusion-column-wrapper fusion-column-has-shadow fusion-flex-justify-content-flex-start fusion-content-layout-column\"><div class=\"fusion-image-element \" style=\"text-align:center;--awb-max-width:500px;--awb-caption-title-font-family:var(--h2_typography-font-family);--awb-caption-title-font-weight:var(--h2_typography-font-weight);--awb-caption-title-font-style:var(--h2_typography-font-style);--awb-caption-title-size:var(--h2_typography-font-size);--awb-caption-title-transform:var(--h2_typography-text-transform);--awb-caption-title-line-height:var(--h2_typography-line-height);--awb-caption-title-letter-spacing:var(--h2_typography-letter-spacing);\"><span class=\" fusion-imageframe imageframe-none imageframe-3 hover-type-none\"><img decoding=\"async\" width=\"938\" height=\"322\" alt=\"LPA Law Firm Albania\" title=\"leading-law-firm-albania\" src=\"https:\/\/lpalbania.com\/ita\/wp-content\/uploads\/2020\/11\/leading-law-firm-albania.jpg\" data-orig-src=\"https:\/\/lpalbania.com\/ita\/wp-content\/uploads\/2020\/11\/leading-law-firm-albania.jpg\" class=\"lazyload img-responsive wp-image-851\" srcset=\"data:image\/svg+xml,%3Csvg%20xmlns%3D%27http%3A%2F%2Fwww.w3.org%2F2000%2Fsvg%27%20width%3D%27938%27%20height%3D%27322%27%20viewBox%3D%270%200%20938%20322%27%3E%3Crect%20width%3D%27938%27%20height%3D%27322%27%20fill-opacity%3D%220%22%2F%3E%3C%2Fsvg%3E\" data-srcset=\"https:\/\/lpalbania.com\/ita\/wp-content\/uploads\/2020\/11\/leading-law-firm-albania-200x69.jpg 200w, https:\/\/lpalbania.com\/ita\/wp-content\/uploads\/2020\/11\/leading-law-firm-albania-400x137.jpg 400w, https:\/\/lpalbania.com\/ita\/wp-content\/uploads\/2020\/11\/leading-law-firm-albania-600x206.jpg 600w, https:\/\/lpalbania.com\/ita\/wp-content\/uploads\/2020\/11\/leading-law-firm-albania-800x275.jpg 800w, https:\/\/lpalbania.com\/ita\/wp-content\/uploads\/2020\/11\/leading-law-firm-albania.jpg 938w\" data-sizes=\"auto\" data-orig-sizes=\"(max-width: 0px) 100vw, (max-width: 0px) 100vw, 938px\" \/><\/span><\/div><\/div><\/div><\/div><\/div><\/p>\n","protected":false},"excerpt":{"rendered":"","protected":false},"author":1,"featured_media":0,"parent":34,"menu_order":0,"comment_status":"closed","ping_status":"closed","template":"100-width.php","meta":{"footnotes":""},"class_list":["post-2333","page","type-page","status-publish","hentry"],"yoast_head":"<!-- This site is optimized with the Yoast SEO plugin v27.4 - https:\/\/yoast.com\/product\/yoast-seo-wordpress\/ -->\n<title>Settore automobilistico in Albania - LPA Law Firm in Albania<\/title>\n<meta name=\"description\" content=\"I nostri avvocati hanno una vasta conoscenza dell&#039;industria automobilistica e comprendono le esigenze commerciali e legali dei clienti\" \/>\n<meta name=\"robots\" content=\"index, follow, max-snippet:-1, max-image-preview:large, max-video-preview:-1\" \/>\n<link rel=\"canonical\" href=\"https:\/\/lpalbania.com\/ita\/sectors\/settore-automobilistico\/\" \/>\n<meta property=\"og:locale\" content=\"en_US\" \/>\n<meta property=\"og:type\" content=\"article\" \/>\n<meta property=\"og:title\" content=\"Settore automobilistico in Albania - LPA Law Firm in Albania\" \/>\n<meta property=\"og:description\" content=\"I nostri avvocati hanno una vasta conoscenza dell&#039;industria automobilistica e comprendono le esigenze commerciali e legali dei clienti\" \/>\n<meta property=\"og:url\" content=\"https:\/\/lpalbania.com\/ita\/sectors\/settore-automobilistico\/\" \/>\n<meta property=\"og:site_name\" content=\"LPA Law Firm in Albania\" \/>\n<meta property=\"article:publisher\" content=\"https:\/\/www.facebook.com\/LPALegal\" \/>\n<meta property=\"article:modified_time\" content=\"2021-09-22T13:46:44+00:00\" \/>\n<meta name=\"twitter:card\" content=\"summary_large_image\" \/>\n<meta name=\"twitter:site\" content=\"@LPA_Law_Firm\" \/>\n<meta name=\"twitter:label1\" content=\"Est. reading time\" \/>\n\t<meta name=\"twitter:data1\" content=\"4 minutes\" \/>\n<script type=\"application\/ld+json\" class=\"yoast-schema-graph\">{\"@context\":\"https:\\\/\\\/schema.org\",\"@graph\":[{\"@type\":\"WebPage\",\"@id\":\"https:\\\/\\\/lpalbania.com\\\/ita\\\/sectors\\\/settore-automobilistico\\\/\",\"url\":\"https:\\\/\\\/lpalbania.com\\\/ita\\\/sectors\\\/settore-automobilistico\\\/\",\"name\":\"Settore automobilistico in Albania - LPA Law Firm in Albania\",\"isPartOf\":{\"@id\":\"https:\\\/\\\/lpalbania.com\\\/ita\\\/#website\"},\"datePublished\":\"2021-06-15T05:59:11+00:00\",\"dateModified\":\"2021-09-22T13:46:44+00:00\",\"description\":\"I nostri avvocati hanno una vasta conoscenza dell'industria automobilistica e comprendono le esigenze commerciali e legali dei clienti\",\"breadcrumb\":{\"@id\":\"https:\\\/\\\/lpalbania.com\\\/ita\\\/sectors\\\/settore-automobilistico\\\/#breadcrumb\"},\"inLanguage\":\"en-US\",\"potentialAction\":[{\"@type\":\"ReadAction\",\"target\":[\"https:\\\/\\\/lpalbania.com\\\/ita\\\/sectors\\\/settore-automobilistico\\\/\"]}]},{\"@type\":\"BreadcrumbList\",\"@id\":\"https:\\\/\\\/lpalbania.com\\\/ita\\\/sectors\\\/settore-automobilistico\\\/#breadcrumb\",\"itemListElement\":[{\"@type\":\"ListItem\",\"position\":1,\"name\":\"Home\",\"item\":\"https:\\\/\\\/lpalbania.com\\\/ita\\\/\"},{\"@type\":\"ListItem\",\"position\":2,\"name\":\"SETTORI\",\"item\":\"https:\\\/\\\/lpalbania.com\\\/ita\\\/sectors\\\/\"},{\"@type\":\"ListItem\",\"position\":3,\"name\":\"Settore automobilistico\"}]},{\"@type\":\"WebSite\",\"@id\":\"https:\\\/\\\/lpalbania.com\\\/ita\\\/#website\",\"url\":\"https:\\\/\\\/lpalbania.com\\\/ita\\\/\",\"name\":\"LPA Law Firm in Albania\",\"description\":\"Company Formation Albania, Debt Collection Albania, Intellectual Property Albania\",\"publisher\":{\"@id\":\"https:\\\/\\\/lpalbania.com\\\/ita\\\/#organization\"},\"potentialAction\":[{\"@type\":\"SearchAction\",\"target\":{\"@type\":\"EntryPoint\",\"urlTemplate\":\"https:\\\/\\\/lpalbania.com\\\/ita\\\/?s={search_term_string}\"},\"query-input\":{\"@type\":\"PropertyValueSpecification\",\"valueRequired\":true,\"valueName\":\"search_term_string\"}}],\"inLanguage\":\"en-US\"},{\"@type\":\"Organization\",\"@id\":\"https:\\\/\\\/lpalbania.com\\\/ita\\\/#organization\",\"name\":\"LPA Law Firm in Albania\",\"url\":\"https:\\\/\\\/lpalbania.com\\\/ita\\\/\",\"logo\":{\"@type\":\"ImageObject\",\"inLanguage\":\"en-US\",\"@id\":\"https:\\\/\\\/lpalbania.com\\\/ita\\\/#\\\/schema\\\/logo\\\/image\\\/\",\"url\":\"https:\\\/\\\/lpalbania.com\\\/ita\\\/wp-content\\\/uploads\\\/2020\\\/10\\\/favicon-167.png\",\"contentUrl\":\"https:\\\/\\\/lpalbania.com\\\/ita\\\/wp-content\\\/uploads\\\/2020\\\/10\\\/favicon-167.png\",\"width\":167,\"height\":167,\"caption\":\"LPA Law Firm in Albania\"},\"image\":{\"@id\":\"https:\\\/\\\/lpalbania.com\\\/ita\\\/#\\\/schema\\\/logo\\\/image\\\/\"},\"sameAs\":[\"https:\\\/\\\/www.facebook.com\\\/LPALegal\",\"https:\\\/\\\/x.com\\\/LPA_Law_Firm\",\"https:\\\/\\\/www.instagram.com\\\/lpalegal\\\/?hl=en\",\"https:\\\/\\\/www.linkedin.com\\\/in\\\/oltjan-hoxholli-86a14b31\\\/\"]}]}<\/script>\n<!-- \/ Yoast SEO plugin. -->","yoast_head_json":{"title":"Settore automobilistico in Albania - LPA Law Firm in Albania","description":"I nostri avvocati hanno una vasta conoscenza dell'industria automobilistica e comprendono le esigenze commerciali e legali dei clienti","robots":{"index":"index","follow":"follow","max-snippet":"max-snippet:-1","max-image-preview":"max-image-preview:large","max-video-preview":"max-video-preview:-1"},"canonical":"https:\/\/lpalbania.com\/ita\/sectors\/settore-automobilistico\/","og_locale":"en_US","og_type":"article","og_title":"Settore automobilistico in Albania - LPA Law Firm in Albania","og_description":"I nostri avvocati hanno una vasta conoscenza dell'industria automobilistica e comprendono le esigenze commerciali e legali dei clienti","og_url":"https:\/\/lpalbania.com\/ita\/sectors\/settore-automobilistico\/","og_site_name":"LPA Law Firm in Albania","article_publisher":"https:\/\/www.facebook.com\/LPALegal","article_modified_time":"2021-09-22T13:46:44+00:00","twitter_card":"summary_large_image","twitter_site":"@LPA_Law_Firm","twitter_misc":{"Est. reading time":"4 minutes"},"schema":{"@context":"https:\/\/schema.org","@graph":[{"@type":"WebPage","@id":"https:\/\/lpalbania.com\/ita\/sectors\/settore-automobilistico\/","url":"https:\/\/lpalbania.com\/ita\/sectors\/settore-automobilistico\/","name":"Settore automobilistico in Albania - LPA Law Firm in Albania","isPartOf":{"@id":"https:\/\/lpalbania.com\/ita\/#website"},"datePublished":"2021-06-15T05:59:11+00:00","dateModified":"2021-09-22T13:46:44+00:00","description":"I nostri avvocati hanno una vasta conoscenza dell'industria automobilistica e comprendono le esigenze commerciali e legali dei clienti","breadcrumb":{"@id":"https:\/\/lpalbania.com\/ita\/sectors\/settore-automobilistico\/#breadcrumb"},"inLanguage":"en-US","potentialAction":[{"@type":"ReadAction","target":["https:\/\/lpalbania.com\/ita\/sectors\/settore-automobilistico\/"]}]},{"@type":"BreadcrumbList","@id":"https:\/\/lpalbania.com\/ita\/sectors\/settore-automobilistico\/#breadcrumb","itemListElement":[{"@type":"ListItem","position":1,"name":"Home","item":"https:\/\/lpalbania.com\/ita\/"},{"@type":"ListItem","position":2,"name":"SETTORI","item":"https:\/\/lpalbania.com\/ita\/sectors\/"},{"@type":"ListItem","position":3,"name":"Settore automobilistico"}]},{"@type":"WebSite","@id":"https:\/\/lpalbania.com\/ita\/#website","url":"https:\/\/lpalbania.com\/ita\/","name":"LPA Law Firm in Albania","description":"Company Formation Albania, Debt Collection Albania, Intellectual Property Albania","publisher":{"@id":"https:\/\/lpalbania.com\/ita\/#organization"},"potentialAction":[{"@type":"SearchAction","target":{"@type":"EntryPoint","urlTemplate":"https:\/\/lpalbania.com\/ita\/?s={search_term_string}"},"query-input":{"@type":"PropertyValueSpecification","valueRequired":true,"valueName":"search_term_string"}}],"inLanguage":"en-US"},{"@type":"Organization","@id":"https:\/\/lpalbania.com\/ita\/#organization","name":"LPA Law Firm in Albania","url":"https:\/\/lpalbania.com\/ita\/","logo":{"@type":"ImageObject","inLanguage":"en-US","@id":"https:\/\/lpalbania.com\/ita\/#\/schema\/logo\/image\/","url":"https:\/\/lpalbania.com\/ita\/wp-content\/uploads\/2020\/10\/favicon-167.png","contentUrl":"https:\/\/lpalbania.com\/ita\/wp-content\/uploads\/2020\/10\/favicon-167.png","width":167,"height":167,"caption":"LPA Law Firm in Albania"},"image":{"@id":"https:\/\/lpalbania.com\/ita\/#\/schema\/logo\/image\/"},"sameAs":["https:\/\/www.facebook.com\/LPALegal","https:\/\/x.com\/LPA_Law_Firm","https:\/\/www.instagram.com\/lpalegal\/?hl=en","https:\/\/www.linkedin.com\/in\/oltjan-hoxholli-86a14b31\/"]}]}},"_links":{"self":[{"href":"https:\/\/lpalbania.com\/ita\/wp-json\/wp\/v2\/pages\/2333","targetHints":{"allow":["GET"]}}],"collection":[{"href":"https:\/\/lpalbania.com\/ita\/wp-json\/wp\/v2\/pages"}],"about":[{"href":"https:\/\/lpalbania.com\/ita\/wp-json\/wp\/v2\/types\/page"}],"author":[{"embeddable":true,"href":"https:\/\/lpalbania.com\/ita\/wp-json\/wp\/v2\/users\/1"}],"replies":[{"embeddable":true,"href":"https:\/\/lpalbania.com\/ita\/wp-json\/wp\/v2\/comments?post=2333"}],"version-history":[{"count":16,"href":"https:\/\/lpalbania.com\/ita\/wp-json\/wp\/v2\/pages\/2333\/revisions"}],"predecessor-version":[{"id":2855,"href":"https:\/\/lpalbania.com\/ita\/wp-json\/wp\/v2\/pages\/2333\/revisions\/2855"}],"up":[{"embeddable":true,"href":"https:\/\/lpalbania.com\/ita\/wp-json\/wp\/v2\/pages\/34"}],"wp:attachment":[{"href":"https:\/\/lpalbania.com\/ita\/wp-json\/wp\/v2\/media?parent=2333"}],"curies":[{"name":"wp","href":"https:\/\/api.w.org\/{rel}","templated":true}]}}