{"id":26,"date":"2020-03-11T09:01:47","date_gmt":"2020-03-11T09:01:47","guid":{"rendered":"https:\/\/lpalbania.com\/?page_id=26"},"modified":"2021-12-28T08:09:44","modified_gmt":"2021-12-28T08:09:44","slug":"consulenza-del-lavoro-e-immigrazione-in-albania","status":"publish","type":"page","link":"https:\/\/lpalbania.com\/ita\/practice\/consulenza-del-lavoro-e-immigrazione-in-albania\/","title":{"rendered":"Consulenza del Lavoro e Immigrazione in Albania"},"content":{"rendered":"<div class=\"fusion-fullwidth fullwidth-box fusion-builder-row-1 fusion-flex-container nonhundred-percent-fullwidth non-hundred-percent-height-scrolling\" style=\"--awb-border-radius-top-left:0px;--awb-border-radius-top-right:0px;--awb-border-radius-bottom-right:0px;--awb-border-radius-bottom-left:0px;--awb-padding-right:0px;--awb-padding-left:0px;--awb-margin-top:150px;--awb-flex-wrap:wrap;\" ><div class=\"fusion-builder-row fusion-row fusion-flex-align-items-flex-start fusion-flex-content-wrap\" style=\"max-width:977.6px;margin-left: calc(-4% \/ 2 );margin-right: calc(-4% \/ 2 );\"><div class=\"fusion-layout-column fusion_builder_column fusion-builder-column-0 fusion_builder_column_2_3 2_3 fusion-flex-column fusion-animated\" style=\"--awb-bg-size:cover;--awb-width-large:66.666666666667%;--awb-margin-top-large:0px;--awb-spacing-right-large:2.88%;--awb-margin-bottom-large:0px;--awb-spacing-left-large:2.88%;--awb-width-medium:100%;--awb-order-medium:0;--awb-spacing-right-medium:1.92%;--awb-spacing-left-medium:1.92%;--awb-width-small:100%;--awb-order-small:0;--awb-spacing-right-small:1.92%;--awb-spacing-left-small:1.92%;\" data-animationType=\"fadeInUp\" data-animationDuration=\"1.0\" data-animationOffset=\"top-into-view\"><div class=\"fusion-column-wrapper fusion-column-has-shadow fusion-flex-justify-content-flex-start fusion-content-layout-column\"><div class=\"fusion-text fusion-text-1\"><h2>Consulenza del Lavoro e Immigrazione Albania<\/h2>\n<p>Il team LPA assister\u00e0 nella preparazione di tutta la documentazione necessaria per presentare domande per visto temporaneo e domande di residenza permanente, supporto per l&#8217;orientamento sulle politiche in materia di immigrazione.Problemi con il Permesso di lavoro e permesso di soggiorno per espatriati in Albania<\/p>\n<ul>\n<li>Cittadinanza e naturalizzazione in Albania<\/li>\n<li>Questioni di <span style=\"color: #0000ff;\"><a style=\"color: #0000ff;\" href=\"https:\/\/lpalbania.com\/ita\/practice\/diritto-societario-in-albania\/\">diritto societario<\/a><\/span><\/li>\n<li>Sanzioni ai datori di lavoro e disposizioni contro la discriminazione<\/li>\n<li>Controllo delle esportazioni \/ esportazioni presunte<\/li>\n<li>Problemi di visto estero per l&#8217;ingresso in Albania<\/li>\n<li>Visti di immigrazione \/ residenza permanente in Albania<\/li>\n<li>Problemi di lavoro e occupazione in Albania<\/li>\n<li>Legislazione e iniziative politiche<\/li>\n<li>Visti per non immigrati \/ residenza temporanea<\/li>\n<li>Impegno Pro Bono<\/li>\n<li>Implicazioni <span style=\"color: #0000ff;\"><a style=\"color: #0000ff;\" href=\"https:\/\/lpalbania.com\/ita\/practice\/fiscale-in-albania\/\">fiscali<\/a><\/span><\/li>\n<\/ul>\n<\/div><\/div><\/div><div class=\"fusion-layout-column fusion_builder_column fusion-builder-column-1 fusion_builder_column_1_3 1_3 fusion-flex-column fusion-animated\" style=\"--awb-bg-size:cover;--awb-width-large:33.333333333333%;--awb-margin-top-large:0px;--awb-spacing-right-large:5.76%;--awb-margin-bottom-large:0px;--awb-spacing-left-large:5.76%;--awb-width-medium:100%;--awb-order-medium:0;--awb-spacing-right-medium:1.92%;--awb-spacing-left-medium:1.92%;--awb-width-small:100%;--awb-order-small:0;--awb-spacing-right-small:1.92%;--awb-spacing-left-small:1.92%;\" data-animationType=\"fadeInUp\" data-animationDuration=\"1.0\" data-animationOffset=\"top-into-view\"><div class=\"fusion-column-wrapper fusion-column-has-shadow fusion-flex-justify-content-flex-start fusion-content-layout-column\"><div class=\"fusion-image-element \" style=\"text-align:center;--awb-max-width:;--awb-caption-title-font-family:var(--h2_typography-font-family);--awb-caption-title-font-weight:var(--h2_typography-font-weight);--awb-caption-title-font-style:var(--h2_typography-font-style);--awb-caption-title-size:var(--h2_typography-font-size);--awb-caption-title-transform:var(--h2_typography-text-transform);--awb-caption-title-line-height:var(--h2_typography-line-height);--awb-caption-title-letter-spacing:var(--h2_typography-letter-spacing);\"><span class=\" fusion-imageframe imageframe-none imageframe-1 hover-type-none\"><img decoding=\"async\" width=\"300\" height=\"392\" alt=\"Immigration in Albania-\" title=\"IMMigration in Albania-LPA Law Firm\" src=\"https:\/\/lpalbania.com\/ita\/wp-content\/uploads\/2021\/05\/11.jpg\" data-orig-src=\"https:\/\/lpalbania.com\/ita\/wp-content\/uploads\/2021\/05\/11.jpg\" class=\"lazyload img-responsive wp-image-1764\" srcset=\"data:image\/svg+xml,%3Csvg%20xmlns%3D%27http%3A%2F%2Fwww.w3.org%2F2000%2Fsvg%27%20width%3D%27300%27%20height%3D%27392%27%20viewBox%3D%270%200%20300%20392%27%3E%3Crect%20width%3D%27300%27%20height%3D%27392%27%20fill-opacity%3D%220%22%2F%3E%3C%2Fsvg%3E\" data-srcset=\"https:\/\/lpalbania.com\/ita\/wp-content\/uploads\/2021\/05\/11-200x261.jpg 200w, https:\/\/lpalbania.com\/ita\/wp-content\/uploads\/2021\/05\/11.jpg 300w\" data-sizes=\"auto\" data-orig-sizes=\"(max-width: 0px) 100vw, (max-width: 0px) 100vw, 300px\" \/><\/span><\/div><div class=\"fusion-image-element \" style=\"--awb-caption-title-font-family:var(--h2_typography-font-family);--awb-caption-title-font-weight:var(--h2_typography-font-weight);--awb-caption-title-font-style:var(--h2_typography-font-style);--awb-caption-title-size:var(--h2_typography-font-size);--awb-caption-title-transform:var(--h2_typography-text-transform);--awb-caption-title-line-height:var(--h2_typography-line-height);--awb-caption-title-letter-spacing:var(--h2_typography-letter-spacing);\"><span class=\" fusion-imageframe imageframe-none imageframe-2 hover-type-none\"><img decoding=\"async\" width=\"300\" height=\"61\" title=\"Awards LPA Law Firm Albania\" src=\"https:\/\/lpalbania.com\/ita\/wp-content\/uploads\/2021\/05\/0.jpg\" data-orig-src=\"https:\/\/lpalbania.com\/ita\/wp-content\/uploads\/2021\/05\/0.jpg\" alt class=\"lazyload img-responsive wp-image-1731\" srcset=\"data:image\/svg+xml,%3Csvg%20xmlns%3D%27http%3A%2F%2Fwww.w3.org%2F2000%2Fsvg%27%20width%3D%27300%27%20height%3D%2761%27%20viewBox%3D%270%200%20300%2061%27%3E%3Crect%20width%3D%27300%27%20height%3D%2761%27%20fill-opacity%3D%220%22%2F%3E%3C%2Fsvg%3E\" data-srcset=\"https:\/\/lpalbania.com\/ita\/wp-content\/uploads\/2021\/05\/0-200x41.jpg 200w, https:\/\/lpalbania.com\/ita\/wp-content\/uploads\/2021\/05\/0.jpg 300w\" data-sizes=\"auto\" data-orig-sizes=\"(max-width: 0px) 100vw, (max-width: 0px) 100vw, 300px\" \/><\/span><\/div><\/div><\/div><div class=\"fusion-layout-column fusion_builder_column fusion-builder-column-2 fusion_builder_column_1_1 1_1 fusion-flex-column fusion-animated\" style=\"--awb-bg-size:cover;--awb-width-large:100%;--awb-margin-top-large:0px;--awb-spacing-right-large:1.92%;--awb-margin-bottom-large:20px;--awb-spacing-left-large:1.92%;--awb-width-medium:100%;--awb-order-medium:0;--awb-spacing-right-medium:1.92%;--awb-spacing-left-medium:1.92%;--awb-width-small:100%;--awb-order-small:0;--awb-spacing-right-small:1.92%;--awb-spacing-left-small:1.92%;\" data-animationType=\"fadeInUp\" data-animationDuration=\"1.0\" data-animationOffset=\"top-into-view\"><div class=\"fusion-column-wrapper fusion-column-has-shadow fusion-flex-justify-content-flex-start fusion-content-layout-column\"><div class=\"fusion-text fusion-text-2\"><p>Il nostro team LPA ti fornir\u00e0 guida e assistenza su tutte le questioni legali derivanti dall&#8217;assunzione di dipendenti, tra cui:<\/p>\n<ul>\n<li>Questioni fiscali e contributivi in Albania;<\/li>\n<li>Contratti di lavoro in Albania e condizioni di lavoro specifiche;<\/li>\n<li>Regole di lavoro standard o su misura, regolamenti o manuale dei dipendenti;<\/li>\n<li>Problemi di reclutamento e selezione;<\/li>\n<li>Compensazione e <span style=\"color: #0000ff;\"><a style=\"color: #0000ff;\" href=\"https:\/\/lpalbania.com\/ita\/practice\/occupazione-e-benefici-in-albania\/\">vantaggi<\/a><\/span><\/li>\n<li>Licenziamenti e questioni connesse<\/li>\n<\/ul>\n<p>LPA team ti fornir\u00e0 guida e assistenza su tutte le questioni relative al licenziamento dei dipendenti, tra cui:<\/p>\n<ul>\n<li>Redazione di lettere di licenziamento e assistenza nella determinazione dei periodi di preavviso applicabili o del risarcimento in sostituzione del preavviso;<\/li>\n<li>Redazione accordi transattivi;<\/li>\n<li>Mediazione e comunicazione sindacale;<\/li>\n<li>Licenziamenti per giusta causa;<\/li>\n<li>Licenziamenti collettivi;<\/li>\n<li>Regolamenti e <span style=\"color: #0000ff;\"><a style=\"color: #0000ff;\" href=\"https:\/\/lpalbania.com\/ita\/practice\/occupazione-e-benefici-in-albania\/\">politiche occupazionali<\/a><\/span> in Albania<\/li>\n<\/ul>\n<p>Il team LPA pu\u00f2 assisterti con normative e politiche specifiche del paese e del settore. Possiamo fornire regolamenti interni standard o su misura per i datori di lavoro, comprese le regole del lavoro, il manuale dei dipendenti, regolamenti sulla privacy, regole sulla posta elettronica e Internet, auto aziendali e procedure disciplinari. La nostra esperienza nel trattare con tutte le parti interessate rilevanti ti aiuter\u00e0 a realizzare i tuoi obiettivi commerciali attraverso un supporto legale pratico piuttosto che fornire risposte isolate a domande legali specifiche.<\/p>\n<p>Salute &amp; Sicurezza<br \/>\nL&#8217;importanza di gestire la salute e la sicurezza sul lavoro e l&#8217;enfasi sempre pi\u00f9 crescente sulla potenziale responsabilit\u00e0 aziendale e individuale per i reati in materia di salute e sicurezza comporta la necessit\u00e0 di essere pienamente informato su come garantire il rispetto dei propri obblighi statutari e legali a tutti i livelli.La salute e la sicurezza sul lavoro influiscono anche sul rapporto di lavoro e <em>outsourcing<\/em>, e devi assicurarti che i tuoi accordi contrattuali con i dipendenti e terze parti ti consentano di adempiere ai tuoi obblighi. Il nostro team pu\u00f2 consigliarti su ci\u00f2 che \u00e8 necessario per te e la tua azienda per adempiere ai obblighi di legge, ottenendo efficaci politiche di salute e sicurezza sul lavoro.<\/p>\n<\/div><\/div><\/div><\/div><\/div>\n","protected":false},"excerpt":{"rendered":"","protected":false},"author":1,"featured_media":0,"parent":14,"menu_order":0,"comment_status":"closed","ping_status":"closed","template":"100-width.php","meta":{"footnotes":""},"class_list":["post-26","page","type-page","status-publish","hentry"],"yoast_head":"<!-- This site is optimized with the Yoast SEO plugin v27.4 - https:\/\/yoast.com\/product\/yoast-seo-wordpress\/ -->\n<title>Consulenza del Lavoro e Immigrazione in Albania -LPA Law Firm in Albania<\/title>\n<meta name=\"description\" content=\"LPA assister\u00e0 nella preparazione di tutte le richieste di visto temporaneo e le domande di residenza permanente, immigrazione in Albania...\" \/>\n<meta name=\"robots\" content=\"index, follow, max-snippet:-1, max-image-preview:large, max-video-preview:-1\" \/>\n<link rel=\"canonical\" href=\"https:\/\/lpalbania.com\/ita\/practice\/consulenza-del-lavoro-e-immigrazione-in-albania\/\" \/>\n<meta property=\"og:locale\" content=\"en_US\" \/>\n<meta property=\"og:type\" content=\"article\" \/>\n<meta property=\"og:title\" content=\"Consulenza del Lavoro e Immigrazione in Albania -LPA Law Firm in Albania\" \/>\n<meta property=\"og:description\" content=\"LPA assister\u00e0 nella preparazione di tutte le richieste di visto temporaneo e le domande di residenza permanente, immigrazione in Albania...\" \/>\n<meta property=\"og:url\" content=\"https:\/\/lpalbania.com\/ita\/practice\/consulenza-del-lavoro-e-immigrazione-in-albania\/\" \/>\n<meta property=\"og:site_name\" content=\"LPA Law Firm in Albania\" \/>\n<meta property=\"article:publisher\" content=\"https:\/\/www.facebook.com\/LPALegal\" \/>\n<meta property=\"article:modified_time\" content=\"2021-12-28T08:09:44+00:00\" \/>\n<meta name=\"twitter:card\" content=\"summary_large_image\" \/>\n<meta name=\"twitter:site\" content=\"@LPA_Law_Firm\" \/>\n<meta name=\"twitter:label1\" content=\"Est. reading time\" \/>\n\t<meta name=\"twitter:data1\" content=\"5 minutes\" \/>\n<script type=\"application\/ld+json\" class=\"yoast-schema-graph\">{\"@context\":\"https:\\\/\\\/schema.org\",\"@graph\":[{\"@type\":\"WebPage\",\"@id\":\"https:\\\/\\\/lpalbania.com\\\/ita\\\/practice\\\/consulenza-del-lavoro-e-immigrazione-in-albania\\\/\",\"url\":\"https:\\\/\\\/lpalbania.com\\\/ita\\\/practice\\\/consulenza-del-lavoro-e-immigrazione-in-albania\\\/\",\"name\":\"Consulenza del Lavoro e Immigrazione in Albania -LPA Law Firm in Albania\",\"isPartOf\":{\"@id\":\"https:\\\/\\\/lpalbania.com\\\/ita\\\/#website\"},\"datePublished\":\"2020-03-11T09:01:47+00:00\",\"dateModified\":\"2021-12-28T08:09:44+00:00\",\"description\":\"LPA assister\u00e0 nella preparazione di tutte le richieste di visto temporaneo e le domande di residenza permanente, immigrazione in Albania...\",\"breadcrumb\":{\"@id\":\"https:\\\/\\\/lpalbania.com\\\/ita\\\/practice\\\/consulenza-del-lavoro-e-immigrazione-in-albania\\\/#breadcrumb\"},\"inLanguage\":\"en-US\",\"potentialAction\":[{\"@type\":\"ReadAction\",\"target\":[\"https:\\\/\\\/lpalbania.com\\\/ita\\\/practice\\\/consulenza-del-lavoro-e-immigrazione-in-albania\\\/\"]}]},{\"@type\":\"BreadcrumbList\",\"@id\":\"https:\\\/\\\/lpalbania.com\\\/ita\\\/practice\\\/consulenza-del-lavoro-e-immigrazione-in-albania\\\/#breadcrumb\",\"itemListElement\":[{\"@type\":\"ListItem\",\"position\":1,\"name\":\"Home\",\"item\":\"https:\\\/\\\/lpalbania.com\\\/ita\\\/\"},{\"@type\":\"ListItem\",\"position\":2,\"name\":\"Practice\",\"item\":\"https:\\\/\\\/lpalbania.com\\\/ita\\\/practice\\\/\"},{\"@type\":\"ListItem\",\"position\":3,\"name\":\"Consulenza del Lavoro e Immigrazione in Albania\"}]},{\"@type\":\"WebSite\",\"@id\":\"https:\\\/\\\/lpalbania.com\\\/ita\\\/#website\",\"url\":\"https:\\\/\\\/lpalbania.com\\\/ita\\\/\",\"name\":\"LPA Law Firm in Albania\",\"description\":\"Company Formation Albania, Debt Collection Albania, Intellectual Property Albania\",\"publisher\":{\"@id\":\"https:\\\/\\\/lpalbania.com\\\/ita\\\/#organization\"},\"potentialAction\":[{\"@type\":\"SearchAction\",\"target\":{\"@type\":\"EntryPoint\",\"urlTemplate\":\"https:\\\/\\\/lpalbania.com\\\/ita\\\/?s={search_term_string}\"},\"query-input\":{\"@type\":\"PropertyValueSpecification\",\"valueRequired\":true,\"valueName\":\"search_term_string\"}}],\"inLanguage\":\"en-US\"},{\"@type\":\"Organization\",\"@id\":\"https:\\\/\\\/lpalbania.com\\\/ita\\\/#organization\",\"name\":\"LPA Law Firm in Albania\",\"url\":\"https:\\\/\\\/lpalbania.com\\\/ita\\\/\",\"logo\":{\"@type\":\"ImageObject\",\"inLanguage\":\"en-US\",\"@id\":\"https:\\\/\\\/lpalbania.com\\\/ita\\\/#\\\/schema\\\/logo\\\/image\\\/\",\"url\":\"https:\\\/\\\/lpalbania.com\\\/ita\\\/wp-content\\\/uploads\\\/2020\\\/10\\\/favicon-167.png\",\"contentUrl\":\"https:\\\/\\\/lpalbania.com\\\/ita\\\/wp-content\\\/uploads\\\/2020\\\/10\\\/favicon-167.png\",\"width\":167,\"height\":167,\"caption\":\"LPA Law Firm in Albania\"},\"image\":{\"@id\":\"https:\\\/\\\/lpalbania.com\\\/ita\\\/#\\\/schema\\\/logo\\\/image\\\/\"},\"sameAs\":[\"https:\\\/\\\/www.facebook.com\\\/LPALegal\",\"https:\\\/\\\/x.com\\\/LPA_Law_Firm\",\"https:\\\/\\\/www.instagram.com\\\/lpalegal\\\/?hl=en\",\"https:\\\/\\\/www.linkedin.com\\\/in\\\/oltjan-hoxholli-86a14b31\\\/\"]}]}<\/script>\n<!-- \/ Yoast SEO plugin. -->","yoast_head_json":{"title":"Consulenza del Lavoro e Immigrazione in Albania -LPA Law Firm in Albania","description":"LPA assister\u00e0 nella preparazione di tutte le richieste di visto temporaneo e le domande di residenza permanente, immigrazione in Albania...","robots":{"index":"index","follow":"follow","max-snippet":"max-snippet:-1","max-image-preview":"max-image-preview:large","max-video-preview":"max-video-preview:-1"},"canonical":"https:\/\/lpalbania.com\/ita\/practice\/consulenza-del-lavoro-e-immigrazione-in-albania\/","og_locale":"en_US","og_type":"article","og_title":"Consulenza del Lavoro e Immigrazione in Albania -LPA Law Firm in Albania","og_description":"LPA assister\u00e0 nella preparazione di tutte le richieste di visto temporaneo e le domande di residenza permanente, immigrazione in Albania...","og_url":"https:\/\/lpalbania.com\/ita\/practice\/consulenza-del-lavoro-e-immigrazione-in-albania\/","og_site_name":"LPA Law Firm in Albania","article_publisher":"https:\/\/www.facebook.com\/LPALegal","article_modified_time":"2021-12-28T08:09:44+00:00","twitter_card":"summary_large_image","twitter_site":"@LPA_Law_Firm","twitter_misc":{"Est. reading time":"5 minutes"},"schema":{"@context":"https:\/\/schema.org","@graph":[{"@type":"WebPage","@id":"https:\/\/lpalbania.com\/ita\/practice\/consulenza-del-lavoro-e-immigrazione-in-albania\/","url":"https:\/\/lpalbania.com\/ita\/practice\/consulenza-del-lavoro-e-immigrazione-in-albania\/","name":"Consulenza del Lavoro e Immigrazione in Albania -LPA Law Firm in Albania","isPartOf":{"@id":"https:\/\/lpalbania.com\/ita\/#website"},"datePublished":"2020-03-11T09:01:47+00:00","dateModified":"2021-12-28T08:09:44+00:00","description":"LPA assister\u00e0 nella preparazione di tutte le richieste di visto temporaneo e le domande di residenza permanente, immigrazione in Albania...","breadcrumb":{"@id":"https:\/\/lpalbania.com\/ita\/practice\/consulenza-del-lavoro-e-immigrazione-in-albania\/#breadcrumb"},"inLanguage":"en-US","potentialAction":[{"@type":"ReadAction","target":["https:\/\/lpalbania.com\/ita\/practice\/consulenza-del-lavoro-e-immigrazione-in-albania\/"]}]},{"@type":"BreadcrumbList","@id":"https:\/\/lpalbania.com\/ita\/practice\/consulenza-del-lavoro-e-immigrazione-in-albania\/#breadcrumb","itemListElement":[{"@type":"ListItem","position":1,"name":"Home","item":"https:\/\/lpalbania.com\/ita\/"},{"@type":"ListItem","position":2,"name":"Practice","item":"https:\/\/lpalbania.com\/ita\/practice\/"},{"@type":"ListItem","position":3,"name":"Consulenza del Lavoro e Immigrazione in Albania"}]},{"@type":"WebSite","@id":"https:\/\/lpalbania.com\/ita\/#website","url":"https:\/\/lpalbania.com\/ita\/","name":"LPA Law Firm in Albania","description":"Company Formation Albania, Debt Collection Albania, Intellectual Property Albania","publisher":{"@id":"https:\/\/lpalbania.com\/ita\/#organization"},"potentialAction":[{"@type":"SearchAction","target":{"@type":"EntryPoint","urlTemplate":"https:\/\/lpalbania.com\/ita\/?s={search_term_string}"},"query-input":{"@type":"PropertyValueSpecification","valueRequired":true,"valueName":"search_term_string"}}],"inLanguage":"en-US"},{"@type":"Organization","@id":"https:\/\/lpalbania.com\/ita\/#organization","name":"LPA Law Firm in Albania","url":"https:\/\/lpalbania.com\/ita\/","logo":{"@type":"ImageObject","inLanguage":"en-US","@id":"https:\/\/lpalbania.com\/ita\/#\/schema\/logo\/image\/","url":"https:\/\/lpalbania.com\/ita\/wp-content\/uploads\/2020\/10\/favicon-167.png","contentUrl":"https:\/\/lpalbania.com\/ita\/wp-content\/uploads\/2020\/10\/favicon-167.png","width":167,"height":167,"caption":"LPA Law Firm in Albania"},"image":{"@id":"https:\/\/lpalbania.com\/ita\/#\/schema\/logo\/image\/"},"sameAs":["https:\/\/www.facebook.com\/LPALegal","https:\/\/x.com\/LPA_Law_Firm","https:\/\/www.instagram.com\/lpalegal\/?hl=en","https:\/\/www.linkedin.com\/in\/oltjan-hoxholli-86a14b31\/"]}]}},"_links":{"self":[{"href":"https:\/\/lpalbania.com\/ita\/wp-json\/wp\/v2\/pages\/26","targetHints":{"allow":["GET"]}}],"collection":[{"href":"https:\/\/lpalbania.com\/ita\/wp-json\/wp\/v2\/pages"}],"about":[{"href":"https:\/\/lpalbania.com\/ita\/wp-json\/wp\/v2\/types\/page"}],"author":[{"embeddable":true,"href":"https:\/\/lpalbania.com\/ita\/wp-json\/wp\/v2\/users\/1"}],"replies":[{"embeddable":true,"href":"https:\/\/lpalbania.com\/ita\/wp-json\/wp\/v2\/comments?post=26"}],"version-history":[{"count":31,"href":"https:\/\/lpalbania.com\/ita\/wp-json\/wp\/v2\/pages\/26\/revisions"}],"predecessor-version":[{"id":2851,"href":"https:\/\/lpalbania.com\/ita\/wp-json\/wp\/v2\/pages\/26\/revisions\/2851"}],"up":[{"embeddable":true,"href":"https:\/\/lpalbania.com\/ita\/wp-json\/wp\/v2\/pages\/14"}],"wp:attachment":[{"href":"https:\/\/lpalbania.com\/ita\/wp-json\/wp\/v2\/media?parent=26"}],"curies":[{"name":"wp","href":"https:\/\/api.w.org\/{rel}","templated":true}]}}