{"id":28,"date":"2020-03-11T09:05:43","date_gmt":"2020-03-11T09:05:43","guid":{"rendered":"https:\/\/lpalbania.com\/?page_id=28"},"modified":"2021-09-21T14:20:32","modified_gmt":"2021-09-21T14:20:32","slug":"proprieta-intellettuale-marchi-in-albania","status":"publish","type":"page","link":"https:\/\/lpalbania.com\/ita\/practice\/proprieta-intellettuale-marchi-in-albania\/","title":{"rendered":"Propriet\u00e0 intellettuale &#8211; Marchi in Albania"},"content":{"rendered":"<div class=\"fusion-fullwidth fullwidth-box fusion-builder-row-1 fusion-flex-container nonhundred-percent-fullwidth non-hundred-percent-height-scrolling\" style=\"--awb-border-radius-top-left:0px;--awb-border-radius-top-right:0px;--awb-border-radius-bottom-right:0px;--awb-border-radius-bottom-left:0px;--awb-padding-right:0px;--awb-padding-left:0px;--awb-margin-top:150px;--awb-flex-wrap:wrap;\" ><div class=\"fusion-builder-row fusion-row fusion-flex-align-items-flex-start fusion-flex-content-wrap\" style=\"max-width:977.6px;margin-left: calc(-4% \/ 2 );margin-right: calc(-4% \/ 2 );\"><div class=\"fusion-layout-column fusion_builder_column fusion-builder-column-0 fusion_builder_column_2_3 2_3 fusion-flex-column fusion-animated\" style=\"--awb-bg-size:cover;--awb-width-large:66.666666666667%;--awb-margin-top-large:0px;--awb-spacing-right-large:2.88%;--awb-margin-bottom-large:20px;--awb-spacing-left-large:2.88%;--awb-width-medium:100%;--awb-spacing-right-medium:1.92%;--awb-spacing-left-medium:1.92%;--awb-width-small:100%;--awb-spacing-right-small:1.92%;--awb-spacing-left-small:1.92%;\" data-animationType=\"fadeInUp\" data-animationDuration=\"1.0\" data-animationOffset=\"top-into-view\"><div class=\"fusion-column-wrapper fusion-column-has-shadow fusion-flex-justify-content-flex-start fusion-content-layout-column\"><div class=\"fusion-text fusion-text-1\"><h2>Propriet\u00e0 intellettuale &#8211; Marchi in Albania &#8211; Registrazione brevetti in Albania &#8211; Pratica di tecnologia e approvvigionamento dei media in Albania<\/h2>\n<\/div><\/div><\/div><div class=\"fusion-layout-column fusion_builder_column fusion-builder-column-1 fusion_builder_column_2_3 2_3 fusion-flex-column fusion-animated\" style=\"--awb-bg-size:cover;--awb-width-large:66.666666666667%;--awb-margin-top-large:0px;--awb-spacing-right-large:2.88%;--awb-margin-bottom-large:20px;--awb-spacing-left-large:2.88%;--awb-width-medium:100%;--awb-spacing-right-medium:1.92%;--awb-spacing-left-medium:1.92%;--awb-width-small:100%;--awb-spacing-right-small:1.92%;--awb-spacing-left-small:1.92%;\" data-animationType=\"fadeInUp\" data-animationDuration=\"1.0\" data-animationOffset=\"top-into-view\"><div class=\"fusion-column-wrapper fusion-column-has-shadow fusion-flex-justify-content-flex-start fusion-content-layout-column\"><div class=\"fusion-text fusion-text-2\"><p>LPA legal Albania ha una posizione di leader nel mercato IP albanese. Il nostro team \u00e8 apprezzato per la sua conoscenza approfondita della pratica, che copre il diritti d&#8217;autore, registrazione marchi e brevetti, licenze e <em>franchising<\/em> della propriet\u00e0 intellettuale. Assistiamo il nostro cliente nella revisione e stesura di tutti i contratti che trattano questioni di propriet\u00e0 intellettuale come contratto di servizio, accordi di distribuzione, lixenza e cessione brevetto, licenza di marchio e <em>know-how<\/em>, contratti di subappalto, <em>outsourcing<\/em>, trasferimento di diritti di propriet\u00e0 intellettuale , contratti di ricerca e sviluppo. Abbiamo anche un&#8217;esperienza nel campo della protezione e esecuzione dei diritti di propriet\u00e0 intellettuale.<\/p>\n<p>Il nostro dipartimento di propriet\u00e0 intellettuale e tecnologia \u00e8 un gruppo integrato di professionisti. Il dipartimento comprende IT, telecomunicazioni, media, propriet\u00e0 intellettuale e avvocati commerciali, che combinano esperienza legale e attenzione al settore per comprendere e soddisfare meglio le esigenze dei nostri clienti.<\/p>\n<p>La nostra pratica in materia di propriet\u00e0 intellettuale ha una vasta esperienza nella gestione di questioni di propriet\u00e0 intellettuale, compreso il coordinamento di questioni e contenziosi transfrontalieri. Il team fornisce consulenza su brevetti, marchi, modelli, <em>know-how<\/em>, <em>copyright<\/em> e questioni di concorrenza sleale in tutti i paesi e assiste i clienti in relazione a licenze, sponsorizzazioni, attivit\u00e0 promozionali, questioni di franchising e, in generale, su tutte le questioni relative agli accordi sui beni immateriali. Si occupa anche di questioni normative, collaborando con le autorit\u00e0 competenti in Albania.<\/p>\n<\/div><\/div><\/div><div class=\"fusion-layout-column fusion_builder_column fusion-builder-column-2 fusion_builder_column_1_3 1_3 fusion-flex-column fusion-animated\" style=\"--awb-bg-size:cover;--awb-width-large:33.333333333333%;--awb-margin-top-large:0px;--awb-spacing-right-large:5.76%;--awb-margin-bottom-large:20px;--awb-spacing-left-large:5.76%;--awb-width-medium:100%;--awb-spacing-right-medium:1.92%;--awb-spacing-left-medium:1.92%;--awb-width-small:100%;--awb-spacing-right-small:1.92%;--awb-spacing-left-small:1.92%;\" data-animationType=\"fadeInUp\" data-animationDuration=\"1.0\" data-animationOffset=\"top-into-view\"><div class=\"fusion-column-wrapper fusion-column-has-shadow fusion-flex-justify-content-flex-start fusion-content-layout-column\"><div class=\"fusion-image-element \" style=\"text-align:center;--awb-max-width:;--awb-caption-title-font-family:var(--h2_typography-font-family);--awb-caption-title-font-weight:var(--h2_typography-font-weight);--awb-caption-title-font-style:var(--h2_typography-font-style);--awb-caption-title-size:var(--h2_typography-font-size);--awb-caption-title-transform:var(--h2_typography-text-transform);--awb-caption-title-line-height:var(--h2_typography-line-height);--awb-caption-title-letter-spacing:var(--h2_typography-letter-spacing);\"><span class=\" fusion-imageframe imageframe-none imageframe-1 hover-type-none\"><img decoding=\"async\" width=\"300\" height=\"392\" alt=\"IP,Trademark&amp; Copyright\" title=\"IP,Trademark&#038; Copyright in Albania\" src=\"https:\/\/lpalbania.com\/ita\/wp-content\/uploads\/2021\/05\/1-2.jpg\" data-orig-src=\"https:\/\/lpalbania.com\/ita\/wp-content\/uploads\/2021\/05\/1-2.jpg\" class=\"lazyload img-responsive wp-image-1744\" srcset=\"data:image\/svg+xml,%3Csvg%20xmlns%3D%27http%3A%2F%2Fwww.w3.org%2F2000%2Fsvg%27%20width%3D%27300%27%20height%3D%27392%27%20viewBox%3D%270%200%20300%20392%27%3E%3Crect%20width%3D%27300%27%20height%3D%27392%27%20fill-opacity%3D%220%22%2F%3E%3C%2Fsvg%3E\" data-srcset=\"https:\/\/lpalbania.com\/ita\/wp-content\/uploads\/2021\/05\/1-2-200x261.jpg 200w, https:\/\/lpalbania.com\/ita\/wp-content\/uploads\/2021\/05\/1-2.jpg 300w\" data-sizes=\"auto\" data-orig-sizes=\"(max-width: 0px) 100vw, (max-width: 0px) 100vw, 300px\" \/><\/span><\/div><div class=\"fusion-image-element \" style=\"--awb-caption-title-font-family:var(--h2_typography-font-family);--awb-caption-title-font-weight:var(--h2_typography-font-weight);--awb-caption-title-font-style:var(--h2_typography-font-style);--awb-caption-title-size:var(--h2_typography-font-size);--awb-caption-title-transform:var(--h2_typography-text-transform);--awb-caption-title-line-height:var(--h2_typography-line-height);--awb-caption-title-letter-spacing:var(--h2_typography-letter-spacing);\"><span class=\" fusion-imageframe imageframe-none imageframe-2 hover-type-none\"><img decoding=\"async\" width=\"300\" height=\"61\" title=\"Awards LPA Law Firm Albania\" src=\"https:\/\/lpalbania.com\/ita\/wp-content\/uploads\/2021\/05\/0.jpg\" data-orig-src=\"https:\/\/lpalbania.com\/ita\/wp-content\/uploads\/2021\/05\/0.jpg\" alt class=\"lazyload img-responsive wp-image-1731\" srcset=\"data:image\/svg+xml,%3Csvg%20xmlns%3D%27http%3A%2F%2Fwww.w3.org%2F2000%2Fsvg%27%20width%3D%27300%27%20height%3D%2761%27%20viewBox%3D%270%200%20300%2061%27%3E%3Crect%20width%3D%27300%27%20height%3D%2761%27%20fill-opacity%3D%220%22%2F%3E%3C%2Fsvg%3E\" data-srcset=\"https:\/\/lpalbania.com\/ita\/wp-content\/uploads\/2021\/05\/0-200x41.jpg 200w, https:\/\/lpalbania.com\/ita\/wp-content\/uploads\/2021\/05\/0.jpg 300w\" data-sizes=\"auto\" data-orig-sizes=\"(max-width: 0px) 100vw, (max-width: 0px) 100vw, 300px\" \/><\/span><\/div><\/div><\/div><div class=\"fusion-layout-column fusion_builder_column fusion-builder-column-3 fusion_builder_column_1_1 1_1 fusion-flex-column fusion-animated\" style=\"--awb-bg-size:cover;--awb-width-large:100%;--awb-margin-top-large:0px;--awb-spacing-right-large:1.92%;--awb-margin-bottom-large:20px;--awb-spacing-left-large:1.92%;--awb-width-medium:100%;--awb-spacing-right-medium:1.92%;--awb-spacing-left-medium:1.92%;--awb-width-small:100%;--awb-spacing-right-small:1.92%;--awb-spacing-left-small:1.92%;\" data-animationType=\"fadeInUp\" data-animationDuration=\"1.0\" data-animationOffset=\"top-into-view\"><div class=\"fusion-column-wrapper fusion-column-has-shadow fusion-flex-justify-content-flex-start fusion-content-layout-column\"><div class=\"fusion-text fusion-text-3\"><p>La nostra pratica su <span style=\"color: #0000ff;\"><a style=\"color: #0000ff;\" href=\"https:\/\/lpalbania.com\/ita\/practice\/telecomunicazioni-media-e-tecnologia\/\">Media, <em>Technology &amp; Sourcing <\/em><\/a><\/span>ha una conoscenza approfondita in tutte le aree delle comunicazioni, della tecnologia, della trasmissione e delle normative sui nuovi media. Consiglia regolarmente i principali attori nazionali e internazionali grazie a una forte conoscenza delle complesse questioni commerciali e tecniche che comprendono il quadro normativo, direttive e procedure albanesi e dell&#8217;UE. Assiste i clienti lungo tutta la catena, dalla creazione e produzione di contenuti audiovisivi alla distribuzione attraverso piattaforme online e offline. Il team assiste i clienti in relazione a complessi accordi di outsourcing, dai tradizionali servizi IT alle nuove forme di cloud sourcing. Il team fornisce anche consulenza su e-commerce, giochi, protezione dei dati, nonch\u00e9 questioni commerciali e di distribuzione per le nuove tecnologie in generale.<\/p>\n<ul>\n<li>Copyright in Albania<\/li>\n<li>Marchi in Albania e concorrenza sleale in Albania<\/li>\n<li>Gestione dei diritti intellettuali in Albania<\/li>\n<li>Brevetto internazionale in Albania<\/li>\n<li>Marchio internazionale in Albania<\/li>\n<li>Licenza in Albania<\/li>\n<li>Contenzioso in Albania<\/li>\n<li>Appellare in Albania<\/li>\n<li>Registrazione di brevetti in Albania<\/li>\n<li>Segreti commerciali in Albania<\/li>\n<\/ul>\n<h2><strong>Servizi legali sul marchio in Albania<\/strong><\/h2>\n<p>Lo studio legale LPA Albania fornisce ai clienti una gamma completa di servizi relativi ai marchi. Per ulteriori informazioni non esitare a contattarci.<\/p>\n<p>Ricerca e registrazione di marchi in Albania<br \/>\nCi assicureremo che il marchio che selezioni sia forte e unico. Quindi redigeremo una bozza e presenteremo una domanda di registrazione del marchio progettata per velocizzare il processo di esame.<br \/>\nMonitoraggio dei marchi in Albania<br \/>\nUna volta registrato il tuo marchio, hai l&#8217;obbligo legale di monitorare il tuo marchio contro le violazioni e assicurarti di stare al passo con tutte le scadenze di deposito e rinnovo. Ti proteggeremo 24 ore su 24, 7 giorni su 7.<br \/>\nRinnovo dei marchi in Albania<br \/>\nIl tuo marchio richiede rinnovi periodici. Faremo in modo che i tuoi diritti guadagnati duramente rimangano propriamente in vigore.<br \/>\nProcedimenti di opposizione ai marchi in Albania<br \/>\nQualcuno ha presentato un&#8217;opposizione contro il tuo marchio o vorresti opporti alla registrazione della domanda di qualcun altro?<br \/>\nTutela dei marchi e contenzioso in Albania<br \/>\nQualcuno sta violando i tuoi diritti di marchio? Qualcuno sostiene che stai violando i suoi diritti? Siamo gli avvocati e i negoziatori che vuoi dalla tua parte.<\/p>\n<h2><strong>Controversie sulla propriet\u00e0 intellettuale in Albania<\/strong><\/h2>\n<p>Rappresentiamo i nostri clienti nei tribunali competenti dell&#8217;Albania che sono importanti in materia di propriet\u00e0 intellettuale (IP).<br \/>\nIl nostro team albanese di IP capisce come sfruttare le possibilit\u00e0 procedurali e tattiche offerte da una procedimento forense in termini, ad esempio, di garantire prove o ottenere un rapido sollievo temporaneo o un&#8217;udienza rapida. Questo ci consente di coordinare le strategie di contenzioso e risoluzione delle controversie per ottenere il giusto risultato per il business dei nostri clienti.<br \/>\nSpesso, una solida comprensione tecnica \u00e8 fondamentale per garantire il successo. Molti di noi hanno un background tecnico ed esperienza nel settore e possono consigliare con fiducia in casi che coinvolgono la tecnologia pi\u00f9 complessa.<br \/>\nAnche le questioni antitrust sono sempre pi\u00f9 importanti nel contenzioso in materia di propriet\u00e0 intellettuale: collaboriamo con la nostra area di pratica antitrust di alto livello che include professionisti leader con esperienza specifica in materia di IP.<br \/>\nLa nostra esperienza nel contenzioso copre tutte le aree della propriet\u00e0 intellettuale. Ad esempio, agiamo spesso in:<\/p>\n<ul>\n<li>Contenzioso in materia di brevetti sia nel settore delle scienze della vita che in quello tecnologico.<\/li>\n<li>Contenzioso in materia di marchi ai massimi livelli, anche dinanzi alla Corte distrettuale albanese, alla Corte d&#8217;appello o alla Corte suprema.<\/li>\n<li>Controversie relative alla violazione del marchio nella giurisdizione albanese.<\/li>\n<li>Controversie sul copyright, spesso con rilievi sui diritti digitali, questioni giurisdizionali e antitrust.<\/li>\n<li>Controversie relative al transit trade, campagne anticontraffazione e azioni per impedire importazioni parallele<\/li>\n<\/ul>\n<p>Chiamaci al +<strong>355 42 42 1234<\/strong> o fai clic per inviare una richiesta a <strong>info@lpalbania.com<\/strong><\/p>\n<p>MARCHI ALBANIA, BREVETTI ALBANIA, <em>KNOW-HOW<\/em> ALBANIA, <em>COPYRIGHT<\/em> IN ALBANIA, CONCORRENZA SLEALE IN ALBANIA, PROPRIET\u00c0 INTELLETTUALE ALBANIA, MODELLI ALBANIA, ANTITRUST E PROPRIET\u00c0 INTELLETTUALE IN ALBANIA, PROPRIET\u00c0 INTELLETTUALE COMMERCIALE IN ALBANIA, SISTEMA UNIFICATO EUROPEO SUI BREVETTI.<\/p>\n<\/div><\/div><\/div><\/div><\/div>\n","protected":false},"excerpt":{"rendered":"","protected":false},"author":1,"featured_media":0,"parent":14,"menu_order":0,"comment_status":"closed","ping_status":"closed","template":"100-width.php","meta":{"footnotes":""},"class_list":["post-28","page","type-page","status-publish","hentry"],"yoast_head":"<!-- This site is optimized with the Yoast SEO plugin v27.4 - https:\/\/yoast.com\/product\/yoast-seo-wordpress\/ -->\n<title>Propriet\u00e0 intellettuale - Marchi in Albania- LPA Law Firm in Albania<\/title>\n<meta name=\"description\" content=\"Il nostro dipartimento di propriet\u00e0 intellettuale, marchi e copyright in Albania \u00e8 un gruppo integrato di professionisti...\" \/>\n<meta name=\"robots\" content=\"index, follow, max-snippet:-1, max-image-preview:large, max-video-preview:-1\" \/>\n<link rel=\"canonical\" href=\"https:\/\/lpalbania.com\/ita\/practice\/proprieta-intellettuale-marchi-in-albania\/\" \/>\n<meta property=\"og:locale\" content=\"en_US\" \/>\n<meta property=\"og:type\" content=\"article\" \/>\n<meta property=\"og:title\" content=\"Propriet\u00e0 intellettuale - Marchi in Albania- LPA Law Firm in Albania\" \/>\n<meta property=\"og:description\" content=\"Il nostro dipartimento di propriet\u00e0 intellettuale, marchi e copyright in Albania \u00e8 un gruppo integrato di professionisti...\" \/>\n<meta property=\"og:url\" content=\"https:\/\/lpalbania.com\/ita\/practice\/proprieta-intellettuale-marchi-in-albania\/\" \/>\n<meta property=\"og:site_name\" content=\"LPA Law Firm in Albania\" \/>\n<meta property=\"article:publisher\" content=\"https:\/\/www.facebook.com\/LPALegal\" \/>\n<meta property=\"article:modified_time\" content=\"2021-09-21T14:20:32+00:00\" \/>\n<meta name=\"twitter:card\" content=\"summary_large_image\" \/>\n<meta name=\"twitter:site\" content=\"@LPA_Law_Firm\" \/>\n<meta name=\"twitter:label1\" content=\"Est. reading time\" \/>\n\t<meta name=\"twitter:data1\" content=\"6 minutes\" \/>\n<script type=\"application\/ld+json\" class=\"yoast-schema-graph\">{\"@context\":\"https:\\\/\\\/schema.org\",\"@graph\":[{\"@type\":\"WebPage\",\"@id\":\"https:\\\/\\\/lpalbania.com\\\/ita\\\/practice\\\/proprieta-intellettuale-marchi-in-albania\\\/\",\"url\":\"https:\\\/\\\/lpalbania.com\\\/ita\\\/practice\\\/proprieta-intellettuale-marchi-in-albania\\\/\",\"name\":\"Propriet\u00e0 intellettuale - Marchi in Albania- LPA Law Firm in Albania\",\"isPartOf\":{\"@id\":\"https:\\\/\\\/lpalbania.com\\\/ita\\\/#website\"},\"datePublished\":\"2020-03-11T09:05:43+00:00\",\"dateModified\":\"2021-09-21T14:20:32+00:00\",\"description\":\"Il nostro dipartimento di propriet\u00e0 intellettuale, marchi e copyright in Albania \u00e8 un gruppo integrato di professionisti...\",\"breadcrumb\":{\"@id\":\"https:\\\/\\\/lpalbania.com\\\/ita\\\/practice\\\/proprieta-intellettuale-marchi-in-albania\\\/#breadcrumb\"},\"inLanguage\":\"en-US\",\"potentialAction\":[{\"@type\":\"ReadAction\",\"target\":[\"https:\\\/\\\/lpalbania.com\\\/ita\\\/practice\\\/proprieta-intellettuale-marchi-in-albania\\\/\"]}]},{\"@type\":\"BreadcrumbList\",\"@id\":\"https:\\\/\\\/lpalbania.com\\\/ita\\\/practice\\\/proprieta-intellettuale-marchi-in-albania\\\/#breadcrumb\",\"itemListElement\":[{\"@type\":\"ListItem\",\"position\":1,\"name\":\"Home\",\"item\":\"https:\\\/\\\/lpalbania.com\\\/ita\\\/\"},{\"@type\":\"ListItem\",\"position\":2,\"name\":\"Practice\",\"item\":\"https:\\\/\\\/lpalbania.com\\\/ita\\\/practice\\\/\"},{\"@type\":\"ListItem\",\"position\":3,\"name\":\"Propriet\u00e0 intellettuale &#8211; Marchi in Albania\"}]},{\"@type\":\"WebSite\",\"@id\":\"https:\\\/\\\/lpalbania.com\\\/ita\\\/#website\",\"url\":\"https:\\\/\\\/lpalbania.com\\\/ita\\\/\",\"name\":\"LPA Law Firm in Albania\",\"description\":\"Company Formation Albania, Debt Collection Albania, Intellectual Property Albania\",\"publisher\":{\"@id\":\"https:\\\/\\\/lpalbania.com\\\/ita\\\/#organization\"},\"potentialAction\":[{\"@type\":\"SearchAction\",\"target\":{\"@type\":\"EntryPoint\",\"urlTemplate\":\"https:\\\/\\\/lpalbania.com\\\/ita\\\/?s={search_term_string}\"},\"query-input\":{\"@type\":\"PropertyValueSpecification\",\"valueRequired\":true,\"valueName\":\"search_term_string\"}}],\"inLanguage\":\"en-US\"},{\"@type\":\"Organization\",\"@id\":\"https:\\\/\\\/lpalbania.com\\\/ita\\\/#organization\",\"name\":\"LPA Law Firm in Albania\",\"url\":\"https:\\\/\\\/lpalbania.com\\\/ita\\\/\",\"logo\":{\"@type\":\"ImageObject\",\"inLanguage\":\"en-US\",\"@id\":\"https:\\\/\\\/lpalbania.com\\\/ita\\\/#\\\/schema\\\/logo\\\/image\\\/\",\"url\":\"https:\\\/\\\/lpalbania.com\\\/ita\\\/wp-content\\\/uploads\\\/2020\\\/10\\\/favicon-167.png\",\"contentUrl\":\"https:\\\/\\\/lpalbania.com\\\/ita\\\/wp-content\\\/uploads\\\/2020\\\/10\\\/favicon-167.png\",\"width\":167,\"height\":167,\"caption\":\"LPA Law Firm in Albania\"},\"image\":{\"@id\":\"https:\\\/\\\/lpalbania.com\\\/ita\\\/#\\\/schema\\\/logo\\\/image\\\/\"},\"sameAs\":[\"https:\\\/\\\/www.facebook.com\\\/LPALegal\",\"https:\\\/\\\/x.com\\\/LPA_Law_Firm\",\"https:\\\/\\\/www.instagram.com\\\/lpalegal\\\/?hl=en\",\"https:\\\/\\\/www.linkedin.com\\\/in\\\/oltjan-hoxholli-86a14b31\\\/\"]}]}<\/script>\n<!-- \/ Yoast SEO plugin. -->","yoast_head_json":{"title":"Propriet\u00e0 intellettuale - Marchi in Albania- LPA Law Firm in Albania","description":"Il nostro dipartimento di propriet\u00e0 intellettuale, marchi e copyright in Albania \u00e8 un gruppo integrato di professionisti...","robots":{"index":"index","follow":"follow","max-snippet":"max-snippet:-1","max-image-preview":"max-image-preview:large","max-video-preview":"max-video-preview:-1"},"canonical":"https:\/\/lpalbania.com\/ita\/practice\/proprieta-intellettuale-marchi-in-albania\/","og_locale":"en_US","og_type":"article","og_title":"Propriet\u00e0 intellettuale - Marchi in Albania- LPA Law Firm in Albania","og_description":"Il nostro dipartimento di propriet\u00e0 intellettuale, marchi e copyright in Albania \u00e8 un gruppo integrato di professionisti...","og_url":"https:\/\/lpalbania.com\/ita\/practice\/proprieta-intellettuale-marchi-in-albania\/","og_site_name":"LPA Law Firm in Albania","article_publisher":"https:\/\/www.facebook.com\/LPALegal","article_modified_time":"2021-09-21T14:20:32+00:00","twitter_card":"summary_large_image","twitter_site":"@LPA_Law_Firm","twitter_misc":{"Est. reading time":"6 minutes"},"schema":{"@context":"https:\/\/schema.org","@graph":[{"@type":"WebPage","@id":"https:\/\/lpalbania.com\/ita\/practice\/proprieta-intellettuale-marchi-in-albania\/","url":"https:\/\/lpalbania.com\/ita\/practice\/proprieta-intellettuale-marchi-in-albania\/","name":"Propriet\u00e0 intellettuale - Marchi in Albania- LPA Law Firm in Albania","isPartOf":{"@id":"https:\/\/lpalbania.com\/ita\/#website"},"datePublished":"2020-03-11T09:05:43+00:00","dateModified":"2021-09-21T14:20:32+00:00","description":"Il nostro dipartimento di propriet\u00e0 intellettuale, marchi e copyright in Albania \u00e8 un gruppo integrato di professionisti...","breadcrumb":{"@id":"https:\/\/lpalbania.com\/ita\/practice\/proprieta-intellettuale-marchi-in-albania\/#breadcrumb"},"inLanguage":"en-US","potentialAction":[{"@type":"ReadAction","target":["https:\/\/lpalbania.com\/ita\/practice\/proprieta-intellettuale-marchi-in-albania\/"]}]},{"@type":"BreadcrumbList","@id":"https:\/\/lpalbania.com\/ita\/practice\/proprieta-intellettuale-marchi-in-albania\/#breadcrumb","itemListElement":[{"@type":"ListItem","position":1,"name":"Home","item":"https:\/\/lpalbania.com\/ita\/"},{"@type":"ListItem","position":2,"name":"Practice","item":"https:\/\/lpalbania.com\/ita\/practice\/"},{"@type":"ListItem","position":3,"name":"Propriet\u00e0 intellettuale &#8211; Marchi in Albania"}]},{"@type":"WebSite","@id":"https:\/\/lpalbania.com\/ita\/#website","url":"https:\/\/lpalbania.com\/ita\/","name":"LPA Law Firm in Albania","description":"Company Formation Albania, Debt Collection Albania, Intellectual Property Albania","publisher":{"@id":"https:\/\/lpalbania.com\/ita\/#organization"},"potentialAction":[{"@type":"SearchAction","target":{"@type":"EntryPoint","urlTemplate":"https:\/\/lpalbania.com\/ita\/?s={search_term_string}"},"query-input":{"@type":"PropertyValueSpecification","valueRequired":true,"valueName":"search_term_string"}}],"inLanguage":"en-US"},{"@type":"Organization","@id":"https:\/\/lpalbania.com\/ita\/#organization","name":"LPA Law Firm in Albania","url":"https:\/\/lpalbania.com\/ita\/","logo":{"@type":"ImageObject","inLanguage":"en-US","@id":"https:\/\/lpalbania.com\/ita\/#\/schema\/logo\/image\/","url":"https:\/\/lpalbania.com\/ita\/wp-content\/uploads\/2020\/10\/favicon-167.png","contentUrl":"https:\/\/lpalbania.com\/ita\/wp-content\/uploads\/2020\/10\/favicon-167.png","width":167,"height":167,"caption":"LPA Law Firm in Albania"},"image":{"@id":"https:\/\/lpalbania.com\/ita\/#\/schema\/logo\/image\/"},"sameAs":["https:\/\/www.facebook.com\/LPALegal","https:\/\/x.com\/LPA_Law_Firm","https:\/\/www.instagram.com\/lpalegal\/?hl=en","https:\/\/www.linkedin.com\/in\/oltjan-hoxholli-86a14b31\/"]}]}},"_links":{"self":[{"href":"https:\/\/lpalbania.com\/ita\/wp-json\/wp\/v2\/pages\/28","targetHints":{"allow":["GET"]}}],"collection":[{"href":"https:\/\/lpalbania.com\/ita\/wp-json\/wp\/v2\/pages"}],"about":[{"href":"https:\/\/lpalbania.com\/ita\/wp-json\/wp\/v2\/types\/page"}],"author":[{"embeddable":true,"href":"https:\/\/lpalbania.com\/ita\/wp-json\/wp\/v2\/users\/1"}],"replies":[{"embeddable":true,"href":"https:\/\/lpalbania.com\/ita\/wp-json\/wp\/v2\/comments?post=28"}],"version-history":[{"count":29,"href":"https:\/\/lpalbania.com\/ita\/wp-json\/wp\/v2\/pages\/28\/revisions"}],"predecessor-version":[{"id":2847,"href":"https:\/\/lpalbania.com\/ita\/wp-json\/wp\/v2\/pages\/28\/revisions\/2847"}],"up":[{"embeddable":true,"href":"https:\/\/lpalbania.com\/ita\/wp-json\/wp\/v2\/pages\/14"}],"wp:attachment":[{"href":"https:\/\/lpalbania.com\/ita\/wp-json\/wp\/v2\/media?parent=28"}],"curies":[{"name":"wp","href":"https:\/\/api.w.org\/{rel}","templated":true}]}}